{"id":118,"date":"2016-06-07T18:00:08","date_gmt":"2016-06-07T18:00:08","guid":{"rendered":"http:\/\/www.bagpiper.at\/?page_id=118"},"modified":"2018-02-23T14:40:56","modified_gmt":"2018-02-23T13:40:56","slug":"about-us","status":"publish","type":"page","link":"https:\/\/www.bagpiper.at\/?page_id=118","title":{"rendered":"About Me, Auftritte &#038; Unterricht"},"content":{"rendered":"<section class=\"section-full \" >\r\n        \r\n<div class=\"row\">\r\n\t\r\n<div class=\"col-md-12  \" >\r\n        <!-- Team Slider -->\r\n<div class=\"widget-team aligncenter\">\r\n\t\t\t<h2 class=\"widget-title\">About Me<\/h2>\r\n\t\r\n\t<div class=\"team-slider owl-carousel controls-bottom-left\">\r\n\t\t\t\t\t<div class=\"team-member\">\r\n\t\t\t\t<div class=\"image\">\r\n\t\t\t\t\t\t\t\t\t\t\t<img src=\"\/\/www.bagpiper.at\/wp-content\/uploads\/2016\/06\/romana_brunner_portrait.jpg\" alt=\"Romana Brunner\">\r\n\t\t\t\t\t\t\r\n\t\t\t\t\t\t\t\t\t\t\t<ul class=\"social\">\r\n\t\t\t\t\t\t\t\t\t\t\t\t\t\t\t\t\t\t\t\t\t\t\t<li>\r\n\t\t\t\t\t\t\t\t\t<a href=\"https:\/\/www.facebook.com\/romana.brunner.1?fref=ts\" target=\"_blank\" class=\"fa fa-facebook\"><\/a>\r\n\t\t\t\t\t\t\t\t<\/li>\r\n\t\t\t\t\t\t\t\t\t\t\t\t\t<\/ul>\r\n\t\t\t\t\t\t\t\t\t<\/div>\r\n\t\r\n\t\t\t\t<div class=\"name\">Romana Brunner<\/div>\r\n\t\t\t\t<div class=\"job\">Dudelsackspielerin &amp; Lehrerin<\/div>\r\n\t\t\t<\/div>\r\n\t\t\t<\/div>\r\n<\/div><\/div>\r\n\r\n<\/div>\r\n\r\n\r\n<div class=\"row\">\r\n\t\r\n<div class=\"col-md-6  \" >\r\n        <!-- Widget Accordion -->\r\n<div class=\"widget-accordion \">\r\n\t\t\t<h2 class=\"widget-title\">Was ich anbiete:<\/h2>\r\n\t\r\n\t<div class=\"panel-group\" id=\"accordion475\">\r\n\t\t\t\t\t<div class=\"panel\">\r\n\t\t\t\t<div class=\"panel-heading\">\r\n\t\t\t\t\t<h3 class=\"panel-title\">\r\n\t\t\t\t\t\t<a class=\"panel-toggle \" data-toggle=\"collapse\" data-parent=\"#accordion475\" href=\"#accordion1\">\r\n\t\t\t\t\t\t\tProfessionelle Solo Dudelsack Auftritte\t\t\t\t\t\t<\/a>\r\n\t\t\t\t\t<\/h3>\r\n\t\t\t\t<\/div>\r\n\t\t\t\t<div id=\"accordion1\" class=\"panel-collapse collapse in\">\r\n\t\t\t\t\t<div class=\"panel-body\">\r\n\t\t\t\t\t\t<p>Egal ob Hochzeit, Geburtstags- und Firmenfeiern, Beerdigungen oder Sonstige Veranstaltungen. Ich passe den Auftritt individuell und professionell auf Ihre Veranstaltung an, um Ihr Event zu einem unvergesslichen zu machen!<\/p>\r\n\t\t\t\t\t<\/div>\r\n\t\t\t\t<\/div>\r\n\t\t\t<\/div>\r\n\t\t\t\t\t<div class=\"panel\">\r\n\t\t\t\t<div class=\"panel-heading\">\r\n\t\t\t\t\t<h3 class=\"panel-title\">\r\n\t\t\t\t\t\t<a class=\"panel-toggle collapsed\" data-toggle=\"collapse\" data-parent=\"#accordion475\" href=\"#accordion2\">\r\n\t\t\t\t\t\t\tProfessioneller Dudelsack Unterricht\t\t\t\t\t\t<\/a>\r\n\t\t\t\t\t<\/h3>\r\n\t\t\t\t<\/div>\r\n\t\t\t\t<div id=\"accordion2\" class=\"panel-collapse collapse \">\r\n\t\t\t\t\t<div class=\"panel-body\">\r\n\t\t\t\t\t\t<p>Ich biete professionellen aber auch leistbaren Unterricht f\u00fcr den Schottischen Dudelsack an! Alle meiner Sch\u00fcler(innen) wurden zu erfolgreichen Dudelsackspielern. Egal ob nur im Hobby Bereich, oder auch wenn h\u00f6here Ziele verfolgt werden, bei mir ist man an der richtigen Adresse!<\/p>\r\n\t\t\t\t\t<\/div>\r\n\t\t\t\t<\/div>\r\n\t\t\t<\/div>\r\n\t\t\t\t\t<div class=\"panel\">\r\n\t\t\t\t<div class=\"panel-heading\">\r\n\t\t\t\t\t<h3 class=\"panel-title\">\r\n\t\t\t\t\t\t<a class=\"panel-toggle collapsed\" data-toggle=\"collapse\" data-parent=\"#accordion475\" href=\"#accordion3\">\r\n\t\t\t\t\t\t\tPipe Band (Dudelsack Marschband) Auftritte\t\t\t\t\t\t<\/a>\r\n\t\t\t\t\t<\/h3>\r\n\t\t\t\t<\/div>\r\n\t\t\t\t<div id=\"accordion3\" class=\"panel-collapse collapse \">\r\n\t\t\t\t\t<div class=\"panel-body\">\r\n\t\t\t\t\t\t<p>Auch leite ich eine der besten Pipe Bands in \u00d6sterreich. Gerne kann man diese auch buchen und in den Genuss von Trommeln und Highland Pipes gemeinsam kommen! Auf alle F\u00e4lle die spektakul\u00e4rste Art von Auftritt!<\/p>\r\n\t\t\t\t\t<\/div>\r\n\t\t\t\t<\/div>\r\n\t\t\t<\/div>\r\n\t\t\t<\/div>\r\n<\/div>\r\n<!--\/ Widget Accordion -->\r\n<\/div>\r\n\r\n\r\n<div class=\"col-md-6  \" >\r\n        <!-- Widget Skills -->\r\n<div class=\"widget-skills \">\r\n\t\t\t<h2 class=\"widget-title\">DUDELSACK AUFTRITTE<\/h2>\r\n\t\t\t\t\t\t<!-- Skill -->\r\n\t\t<div class=\"skill\" data-percentage=\"98\">\r\n\t\t\t<div class=\"skill-info\">\r\n\t\t\t\t<span class=\"skill-title\">HOCHZEITEN<\/span>\r\n\t\t\t\t<span class=\"skill-percentage\">98%<\/span>\r\n\t\t\t<\/div>\r\n\t\t\t<div class=\"progress\">\r\n\t\t\t\t<div class=\"progress-bar\" style=\"width: 98%;\"><\/div>\r\n\t\t\t<\/div>\r\n\t\t<\/div>\r\n\t\t<!--\/ Skill -->\r\n\t\t\t\t\t<!-- Skill -->\r\n\t\t<div class=\"skill\" data-percentage=\"93\">\r\n\t\t\t<div class=\"skill-info\">\r\n\t\t\t\t<span class=\"skill-title\">EVENTS<\/span>\r\n\t\t\t\t<span class=\"skill-percentage\">93%<\/span>\r\n\t\t\t<\/div>\r\n\t\t\t<div class=\"progress\">\r\n\t\t\t\t<div class=\"progress-bar\" style=\"width: 93%;\"><\/div>\r\n\t\t\t<\/div>\r\n\t\t<\/div>\r\n\t\t<!--\/ Skill -->\r\n\t\t\t\t\t<!-- Skill -->\r\n\t\t<div class=\"skill\" data-percentage=\"89\">\r\n\t\t\t<div class=\"skill-info\">\r\n\t\t\t\t<span class=\"skill-title\">ANDERE FEIERLICHKEITEN &amp; VERANSTALTUNGEN<\/span>\r\n\t\t\t\t<span class=\"skill-percentage\">89%<\/span>\r\n\t\t\t<\/div>\r\n\t\t\t<div class=\"progress\">\r\n\t\t\t\t<div class=\"progress-bar\" style=\"width: 89%;\"><\/div>\r\n\t\t\t<\/div>\r\n\t\t<\/div>\r\n\t\t<!--\/ Skill -->\r\n\t<\/div>\r\n<!--\/ Widget Skills -->\r\n<\/div>\r\n\r\n<\/div>\r\n\r\n<\/section>\r\n\n","protected":false},"excerpt":{"rendered":"<p>About Me Romana Brunner Dudelsackspielerin &amp; Lehrerin Was ich anbiete: Professionelle Solo Dudelsack Auftritte Egal ob Hochzeit, Geburtstags- und Firmenfeiern, Beerdigungen oder Sonstige Veranstaltungen. Ich passe den Auftritt individuell und professionell auf Ihre Veranstaltung an, um Ihr Event zu einem unvergesslichen zu machen! Professioneller Dudelsack Unterricht Ich biete professionellen aber auch leistbaren Unterricht f\u00fcr den [&hellip;]<\/p>\n","protected":false},"author":1,"featured_media":0,"parent":0,"menu_order":0,"comment_status":"closed","ping_status":"closed","template":"page-builder.php","meta":{"footnotes":""},"_links":{"self":[{"href":"https:\/\/www.bagpiper.at\/index.php?rest_route=\/wp\/v2\/pages\/118"}],"collection":[{"href":"https:\/\/www.bagpiper.at\/index.php?rest_route=\/wp\/v2\/pages"}],"about":[{"href":"https:\/\/www.bagpiper.at\/index.php?rest_route=\/wp\/v2\/types\/page"}],"author":[{"embeddable":true,"href":"https:\/\/www.bagpiper.at\/index.php?rest_route=\/wp\/v2\/users\/1"}],"replies":[{"embeddable":true,"href":"https:\/\/www.bagpiper.at\/index.php?rest_route=%2Fwp%2Fv2%2Fcomments&post=118"}],"version-history":[{"count":10,"href":"https:\/\/www.bagpiper.at\/index.php?rest_route=\/wp\/v2\/pages\/118\/revisions"}],"predecessor-version":[{"id":396,"href":"https:\/\/www.bagpiper.at\/index.php?rest_route=\/wp\/v2\/pages\/118\/revisions\/396"}],"wp:attachment":[{"href":"https:\/\/www.bagpiper.at\/index.php?rest_route=%2Fwp%2Fv2%2Fmedia&parent=118"}],"curies":[{"name":"wp","href":"https:\/\/api.w.org\/{rel}","templated":true}]}}