{"id":265,"date":"2016-06-13T19:31:38","date_gmt":"2016-06-13T19:31:38","guid":{"rendered":"http:\/\/www.bagpiper.at\/?page_id=265"},"modified":"2016-06-13T21:21:05","modified_gmt":"2016-06-13T21:21:05","slug":"home-slider","status":"publish","type":"page","link":"https:\/\/www.bagpiper.at\/?page_id=265","title":{"rendered":"Home Slider"},"content":{"rendered":"<section class=\"section-full \" >\r\n        \r\n<div class=\"row\">\r\n\t\r\n<div class=\"col-md-12  \" >\r\n        <!-- PostList -->\r\n<div class=\"postlist-triple postlist-masonry \">\r\n\t\t\t\t<!-- Post -->\r\n\t\t\t<article class=\"article\" itemscope itemtype=\"http:\/\/schema.org\/Article\">\r\n\t\t\t\t<h3 class=\"post-title\">\r\n\t\t\t\t\t<a href=\"https:\/\/www.bagpiper.at\/?p=368\" itemprop=\"name\">T\u00edr Nan \u00d3g &#8211; Modernes Piping<\/a>\r\n\t\t\t\t<\/h3>\r\n\r\n\t\t\t\t<div class=\"post-media\">\r\n\t\t\t\t\t\t\t\t\t\t\t<iframe width=\"460\" height=\"255\" src=\"https:\/\/www.youtube.com\/embed\/byxoe7FpNes\" frameborder=\"0\" allowfullscreen><\/iframe>\t\t\t\t\t\t\t\t\t<\/div>\r\n\r\n\t\t\t\t<div class=\"post-meta\">\r\n\t\t\t\t\t<!--show post date-->\r\n\t\t\t\t\t\t\t\t\t\t\t<time class=\"post-date\" datetime=\"2016-12-19T21:19:09+01:00\" itemprop=\"dateCreated\">19. Dezember 2016<\/time>\r\n\t\t\t\t\t\t\t\t\t\t<!--show post category-->\r\n\t\t\t\t\t\t\t\t\t\t\t<span class=\"post-category\" itemprop=\"keywords\">in <a href=\"https:\/\/www.bagpiper.at\/?cat=31\" class=\"link-orange\">News<\/a><\/span>\t\t\t\t\t\t\t\t\t<\/div>\r\n\r\n\t\t\t\t<div class=\"post-content\" itemprop=\"articleBody\">\r\n\t\t\t\t\t<p><p>Beim 10 j\u00e4hrigen Jubil\u00e4um der Carinthian Pipes &amp; Drums durften wir mal ein etwas moderneres St\u00fcck vortragen. Komponiert von Mark Saul mit rythmischem Hintergrund Sound-Beat kommt diese Komposition richtig gut zur Geltung. Zudem zeigt es auch was mit Highland Pipes (Schottischer Hochland Dudelsack) alles m\u00f6glich ist! Nicht nur kann man traditionelle Musik spielen sondern auch [&hellip;]<\/p>\n<\/p>\r\n\t\t\t\t<\/div>\r\n\r\n\t\t\t\t<div class=\"post-links\">\r\n\t\t\t\t\t<a class=\"btn btn-gray btn-transparent\" itemprop=\"url\" href=\"https:\/\/www.bagpiper.at\/?p=368\">Read more<\/a>\r\n\t\t\t\t<\/div>\r\n\t\t\t<\/article>\r\n\t\t\t<!--\/ Post -->\r\n\t\t\t\t\t<!-- Post -->\r\n\t\t\t<article class=\"article\" itemscope itemtype=\"http:\/\/schema.org\/Article\">\r\n\t\t\t\t<h3 class=\"post-title\">\r\n\t\t\t\t\t<a href=\"https:\/\/www.bagpiper.at\/?p=366\" itemprop=\"name\">Solo Finale &#038; Stuart Liddell in \u00d6sterreich!<\/a>\r\n\t\t\t\t<\/h3>\r\n\r\n\t\t\t\t<div class=\"post-media\">\r\n\t\t\t\t\t\t\t\t\t\t\t\t\t\t\t\t\t<img alt=\"Solo Finale &#038; Stuart Liddell in \u00d6sterreich!\" src=\"https:\/\/www.bagpiper.at\/wp-content\/uploads\/2016\/10\/competition_finale_2016.jpg\" itemprop=\"image\" \/>\r\n\t\t\t<!--get post quote-->\r\n\t\t\t<div class=\"links\" >\r\n\t\t\t\t<a class=\"swipebox icon-search\" data-rel=\"gallery\" href=\"https:\/\/www.bagpiper.at\/wp-content\/uploads\/2016\/10\/competition_finale_2016.jpg\" title=\"competition_finale_2016\"><\/a>\r\n\t\t\t\t<a href=\"https:\/\/www.bagpiper.at\/?p=366\" itemprop=\"url\" class=\"icon-eye\"><\/a>\r\n\t\t\t<\/div>\r\n\t\t\t\t\t\t\t\t\t\t\t<\/div>\r\n\r\n\t\t\t\t<div class=\"post-meta\">\r\n\t\t\t\t\t<!--show post date-->\r\n\t\t\t\t\t\t\t\t\t\t\t<time class=\"post-date\" datetime=\"2016-12-19T21:05:35+01:00\" itemprop=\"dateCreated\">19. Dezember 2016<\/time>\r\n\t\t\t\t\t\t\t\t\t\t<!--show post category-->\r\n\t\t\t\t\t\t\t\t\t\t\t<span class=\"post-category\" itemprop=\"keywords\">in <a href=\"https:\/\/www.bagpiper.at\/?cat=31\" class=\"link-orange\">News<\/a><\/span>\t\t\t\t\t\t\t\t\t<\/div>\r\n\r\n\t\t\t\t<div class=\"post-content\" itemprop=\"articleBody\">\r\n\t\t\t\t\t<p><p>Am 22. Oktober 2016 fand das Solo Piping Competition (Dudelsack Wettbewerb) Finale in Bad St. Leonhard wo auch die Carinthian Pipes &amp; Drums stationiert sind, statt! Das war allerdings nicht das einzige Highlight. Zudem konnten wir den aktuell beliebtesten und besten Piper der Welt f\u00fcr unsere Veranstaltung als Wertungsrichter (Judge), Stuart Liddell, in Bad St. [&hellip;]<\/p>\n<\/p>\r\n\t\t\t\t<\/div>\r\n\r\n\t\t\t\t<div class=\"post-links\">\r\n\t\t\t\t\t<a class=\"btn btn-gray btn-transparent\" itemprop=\"url\" href=\"https:\/\/www.bagpiper.at\/?p=366\">Read more<\/a>\r\n\t\t\t\t<\/div>\r\n\t\t\t<\/article>\r\n\t\t\t<!--\/ Post -->\r\n\t\t\t\t\t<!-- Post -->\r\n\t\t\t<article class=\"article\" itemscope itemtype=\"http:\/\/schema.org\/Article\">\r\n\t\t\t\t<h3 class=\"post-title\">\r\n\t\t\t\t\t<a href=\"https:\/\/www.bagpiper.at\/?p=345\" itemprop=\"name\">Neue Website<\/a>\r\n\t\t\t\t<\/h3>\r\n\r\n\t\t\t\t<div class=\"post-media\">\r\n\t\t\t\t\t\t\t\t\t\t\t\t\t\t\t\t\t<img alt=\"Neue Website\" src=\"https:\/\/www.bagpiper.at\/wp-content\/uploads\/2016\/10\/neuewebsiteonlineromanabrunner.jpg\" itemprop=\"image\" \/>\r\n\t\t\t<!--get post quote-->\r\n\t\t\t<div class=\"links\" >\r\n\t\t\t\t<a class=\"swipebox icon-search\" data-rel=\"gallery\" href=\"https:\/\/www.bagpiper.at\/wp-content\/uploads\/2016\/10\/neuewebsiteonlineromanabrunner.jpg\" title=\"neuewebsiteonlineromanabrunner\"><\/a>\r\n\t\t\t\t<a href=\"https:\/\/www.bagpiper.at\/?p=345\" itemprop=\"url\" class=\"icon-eye\"><\/a>\r\n\t\t\t<\/div>\r\n\t\t\t\t\t\t\t\t\t\t\t<\/div>\r\n\r\n\t\t\t\t<div class=\"post-meta\">\r\n\t\t\t\t\t<!--show post date-->\r\n\t\t\t\t\t\t\t\t\t\t\t<time class=\"post-date\" datetime=\"2016-10-16T21:47:46+02:00\" itemprop=\"dateCreated\">16. Oktober 2016<\/time>\r\n\t\t\t\t\t\t\t\t\t\t<!--show post category-->\r\n\t\t\t\t\t\t\t\t\t\t\t<span class=\"post-category\" itemprop=\"keywords\">in <a href=\"https:\/\/www.bagpiper.at\/?cat=31\" class=\"link-orange\">News<\/a><\/span>\t\t\t\t\t\t\t\t\t<\/div>\r\n\r\n\t\t\t\t<div class=\"post-content\" itemprop=\"articleBody\">\r\n\t\t\t\t\t<p><p>Nat\u00fcrlich muss man mit der Zeit gehen und somit wurde nun die bereits 4. erneuerte und \u00fcberarbeitete Website von www.bagpiper.at online gestellt! Brandneues Design Noch \u00fcbersichtlicher Inkl. Gallerie Blog\/News Portal Weiterhin im Angebot stehen: Auftritte mit dem Dudelsack Solo oder mit Dudelsack\/Trommel Gruppe Einzelunterricht f\u00fcr den Dudelsack Workshops und Gruppenunterricht Weitervermittlung bez\u00fcglich Unterricht und Auftritten [&hellip;]<\/p>\n<\/p>\r\n\t\t\t\t<\/div>\r\n\r\n\t\t\t\t<div class=\"post-links\">\r\n\t\t\t\t\t<a class=\"btn btn-gray btn-transparent\" itemprop=\"url\" href=\"https:\/\/www.bagpiper.at\/?p=345\">Read more<\/a>\r\n\t\t\t\t<\/div>\r\n\t\t\t<\/article>\r\n\t\t\t<!--\/ Post -->\r\n\t\t\t<\/div>\r\n<!--\/ Portfolio Items -->\r\n\r\n<\/div>\r\n\r\n<\/div>\r\n\r\n<\/section>\r\n\n","protected":false},"excerpt":{"rendered":"<p>Nat\u00fcrlich muss man mit der Zeit gehen und somit wurde nun die bereits 4. erneuerte und \u00fcberarbeitete Website von www.bagpiper.at online gestellt! Brandneues Design Noch \u00fcbersichtlicher Inkl. Gallerie Blog\/News Portal Weiterhin im Angebot stehen: Auftritte mit dem Dudelsack Solo oder mit Dudelsack\/Trommel Gruppe Einzelunterricht f\u00fcr den Dudelsack Workshops und Gruppenunterricht Weitervermittlung bez\u00fcglich Unterricht und Auftritten [&hellip;]<\/p>\n","protected":false},"author":1,"featured_media":0,"parent":0,"menu_order":0,"comment_status":"closed","ping_status":"closed","template":"page-builder.php","meta":{"footnotes":""},"_links":{"self":[{"href":"https:\/\/www.bagpiper.at\/index.php?rest_route=\/wp\/v2\/pages\/265"}],"collection":[{"href":"https:\/\/www.bagpiper.at\/index.php?rest_route=\/wp\/v2\/pages"}],"about":[{"href":"https:\/\/www.bagpiper.at\/index.php?rest_route=\/wp\/v2\/types\/page"}],"author":[{"embeddable":true,"href":"https:\/\/www.bagpiper.at\/index.php?rest_route=\/wp\/v2\/users\/1"}],"replies":[{"embeddable":true,"href":"https:\/\/www.bagpiper.at\/index.php?rest_route=%2Fwp%2Fv2%2Fcomments&post=265"}],"version-history":[{"count":0,"href":"https:\/\/www.bagpiper.at\/index.php?rest_route=\/wp\/v2\/pages\/265\/revisions"}],"wp:attachment":[{"href":"https:\/\/www.bagpiper.at\/index.php?rest_route=%2Fwp%2Fv2%2Fmedia&parent=265"}],"curies":[{"name":"wp","href":"https:\/\/api.w.org\/{rel}","templated":true}]}}